{"id":3,"date":"2025-03-11T09:57:43","date_gmt":"2025-03-11T09:57:43","guid":{"rendered":"http:\/\/strongboards.cz\/?page_id=3"},"modified":"2025-04-08T06:17:32","modified_gmt":"2025-04-08T06:17:32","slug":"privacy-policy","status":"publish","type":"page","link":"http:\/\/strongboards.cz\/en\/privacy-policy\/","title":{"rendered":"Podm\u00ednky pou\u017e\u00edv\u00e1n\u00ed cookies"},"content":{"rendered":"<p><strong>Podm\u00ednky pou\u017e\u00edv\u00e1n\u00ed cookies<\/strong><\/p>\n\n\n\n<p><strong>1. \u00davod<\/strong><br>Tyto podm\u00ednky pou\u017e\u00edv\u00e1n\u00ed cookies upravuj\u00ed zp\u016fsob, jak\u00fdm spole\u010dnost D\u0159evozpracuj\u00edc\u00ed dru\u017estvo, s\u00eddlem Lukavec, \u010dp. 9, 394 26 Lukavec, \u010cesk\u00e1 republika (d\u00e1le jen \u201eprovozovatel\u201c), vyu\u017e\u00edv\u00e1 cookies a podobn\u00e9 technologie na sv\u00fdch webov\u00fdch str\u00e1nk\u00e1ch. Pou\u017e\u00edv\u00e1n\u00edm na\u0161ich webov\u00fdch str\u00e1nek souhlas\u00edte s jejich pou\u017eit\u00edm v souladu s t\u011bmito podm\u00ednkami.<\/p>\n\n\n\n<p><strong>2. Co jsou cookies?<\/strong><br>Cookies p\u0159edstavuj\u00ed mal\u00e9 textov\u00e9 soubory, kter\u00e9 se ukl\u00e1daj\u00ed do va\u0161eho za\u0159\u00edzen\u00ed p\u0159i n\u00e1v\u0161t\u011bv\u011b webov\u00fdch str\u00e1nek. Umo\u017e\u0148uj\u00ed n\u00e1m zlep\u0161ovat u\u017eivatelsk\u00fd z\u00e1\u017eitek, analyzovat n\u00e1v\u0161t\u011bvnost webu a personalizovat obsah.<\/p>\n\n\n\n<p><strong>3. Druhy cookies, kter\u00e9 pou\u017e\u00edv\u00e1me<\/strong><\/p>\n\n\n\n<ul class=\"wp-block-list\">\n<li><strong>Nutn\u00e9 cookies:<\/strong>\u00a0Tyto cookies jsou nezbytn\u00e9 pro z\u00e1kladn\u00ed funk\u010dnost webov\u00fdch str\u00e1nek a jejich bezpe\u010dn\u00fd provoz. Bez nich by nebylo mo\u017en\u00e9 zajistit spr\u00e1vn\u00e9 fungov\u00e1n\u00ed str\u00e1nek.<\/li>\n\n\n\n<li><strong>Funk\u010dn\u00ed cookies:<\/strong>\u00a0Umo\u017e\u0148uj\u00ed zapamatovat si va\u0161e preference a volby (nap\u0159. jazykov\u00e9 nastaven\u00ed) pro lep\u0161\u00ed u\u017eivatelsk\u00fd z\u00e1\u017eitek.<\/li>\n\n\n\n<li><strong>Analytick\u00e9 cookies:<\/strong>\u00a0Slou\u017e\u00ed k analyzov\u00e1n\u00ed zp\u016fsobu, jak\u00fdm n\u00e1v\u0161t\u011bvn\u00edci vyu\u017e\u00edvaj\u00ed na\u0161e str\u00e1nky, co\u017e n\u00e1m pom\u00e1h\u00e1 optimalizovat jejich strukturu a obsah.<\/li>\n\n\n\n<li><strong>Reklamn\u00ed cookies:<\/strong>\u00a0Pou\u017e\u00edv\u00e1me je pro personalizaci reklamy a zaji\u0161t\u011bn\u00ed, \u017ee v\u00e1m budou zobrazov\u00e1ny relevantn\u00ed inzer\u00e1ty. Tyto cookies mohou b\u00fdt nastaveny jak p\u0159\u00edmo n\u00e1mi, tak t\u0159et\u00edmi stranami.<\/li>\n<\/ul>\n\n\n\n<p><strong>4. Jak cookies pou\u017e\u00edv\u00e1me<\/strong><br>P\u0159i n\u00e1v\u0161t\u011bv\u011b na\u0161ich webov\u00fdch str\u00e1nek automaticky dojde k ulo\u017een\u00ed cookies do va\u0161eho za\u0159\u00edzen\u00ed. Tyto soubory n\u00e1m pom\u00e1haj\u00ed:<\/p>\n\n\n\n<ul class=\"wp-block-list\">\n<li>Zajistit spr\u00e1vnou funk\u010dnost a bezpe\u010dnost webu<\/li>\n\n\n\n<li>Zlep\u0161ovat u\u017eivatelsk\u00fd z\u00e1\u017eitek prost\u0159ednictv\u00edm personalizace obsahu<\/li>\n\n\n\n<li>Analyzovat n\u00e1v\u0161t\u011bvnost a zp\u016fsob pou\u017e\u00edv\u00e1n\u00ed webu za \u00fa\u010delem jeho dal\u0161\u00edho vylep\u0161en\u00ed<\/li>\n\n\n\n<li>Poskytovat personalizovan\u00e9 reklamn\u00ed sd\u011blen\u00ed v souladu s va\u0161imi z\u00e1jmy<\/li>\n<\/ul>\n\n\n\n<p><strong>5. Spr\u00e1va cookies<\/strong><br>M\u00e1te mo\u017enost cookies odm\u00edtnout nebo jejich ukl\u00e1d\u00e1n\u00ed omezit. Nastaven\u00ed cookies m\u016f\u017eete spravovat prost\u0159ednictv\u00edm nastaven\u00ed va\u0161eho webov\u00e9ho prohl\u00ed\u017ee\u010de. Upozor\u0148ujeme, \u017ee zablokov\u00e1n\u00edm nebo odstran\u011bn\u00edm cookies m\u016f\u017ee doj\u00edt ke sn\u00ed\u017een\u00ed funk\u010dnosti n\u011bkter\u00fdch \u010d\u00e1st\u00ed webov\u00fdch str\u00e1nek.<\/p>\n\n\n\n<p><strong>6. Zm\u011bny podm\u00ednek pou\u017e\u00edv\u00e1n\u00ed cookies<\/strong><br>Provozovatel si vyhrazuje pr\u00e1vo tyto podm\u00ednky kdykoli m\u011bnit. Aktu\u00e1ln\u00ed verze podm\u00ednek bude v\u017edy dostupn\u00e1 na na\u0161ich webov\u00fdch str\u00e1nk\u00e1ch. Doporu\u010dujeme pravideln\u011b kontrolovat zm\u011bny, abyste byli informov\u00e1ni o p\u0159\u00edpadn\u00fdch \u00faprav\u00e1ch.<\/p>\n\n\n\n<p><strong>7. Kontakt<\/strong><br>V p\u0159\u00edpad\u011b dotaz\u016f \u010di p\u0159ipom\u00ednek t\u00fdkaj\u00edc\u00edch se pou\u017e\u00edv\u00e1n\u00ed cookies n\u00e1s pros\u00edm kontaktujte na e-mailov\u00e9 adrese [va\u0161e kontaktn\u00ed e-mailov\u00e1 adresa] nebo na po\u0161tovn\u00ed adrese uveden\u00e9 v\u00fd\u0161e.<\/p>","protected":false},"excerpt":{"rendered":"<p>Podm\u00ednky pou\u017e\u00edv\u00e1n\u00ed cookies 1. \u00davodTyto podm\u00ednky pou\u017e\u00edv\u00e1n\u00ed cookies upravuj\u00ed zp\u016fsob, jak\u00fdm spole\u010dnost D\u0159evozpracuj\u00edc\u00ed dru\u017estvo, s\u00eddlem Lukavec, \u010dp. 9, 394 26 Lukavec, \u010cesk\u00e1 republika (d\u00e1le jen \u201eprovozovatel\u201c), vyu\u017e\u00edv\u00e1 cookies a podobn\u00e9 technologie na sv\u00fdch webov\u00fdch str\u00e1nk\u00e1ch. Pou\u017e\u00edv\u00e1n\u00edm na\u0161ich webov\u00fdch str\u00e1nek souhlas\u00edte s jejich pou\u017eit\u00edm v souladu s t\u011bmito podm\u00ednkami. 2. Co jsou cookies?Cookies p\u0159edstavuj\u00ed mal\u00e9 textov\u00e9 [&hellip;]<\/p>","protected":false},"author":1,"featured_media":0,"parent":0,"menu_order":0,"comment_status":"closed","ping_status":"open","template":"","meta":{"footnotes":""},"class_list":["post-3","page","type-page","status-publish","hentry"],"yoast_head":"<!-- This site is optimized with the Yoast SEO plugin v24.8.1 - https:\/\/yoast.com\/wordpress\/plugins\/seo\/ -->\n<title>Podm\u00ednky pou\u017e\u00edv\u00e1n\u00ed cookies - Stavebn\u00ed desky JSD a HSD pro ka\u017ed\u00fd projekt<\/title>\n<meta name=\"robots\" content=\"index, follow, max-snippet:-1, max-image-preview:large, max-video-preview:-1\" \/>\n<link rel=\"canonical\" href=\"https:\/\/strongboards.cz\/en\/privacy-policy\/\" \/>\n<meta property=\"og:locale\" content=\"en_GB\" \/>\n<meta property=\"og:type\" content=\"article\" \/>\n<meta property=\"og:title\" content=\"Podm\u00ednky pou\u017e\u00edv\u00e1n\u00ed cookies - Stavebn\u00ed desky JSD a HSD pro ka\u017ed\u00fd projekt\" \/>\n<meta property=\"og:description\" content=\"Podm\u00ednky pou\u017e\u00edv\u00e1n\u00ed cookies 1. \u00davodTyto podm\u00ednky pou\u017e\u00edv\u00e1n\u00ed cookies upravuj\u00ed zp\u016fsob, jak\u00fdm spole\u010dnost D\u0159evozpracuj\u00edc\u00ed dru\u017estvo, s\u00eddlem Lukavec, \u010dp. 9, 394 26 Lukavec, \u010cesk\u00e1 republika (d\u00e1le jen \u201eprovozovatel\u201c), vyu\u017e\u00edv\u00e1 cookies a podobn\u00e9 technologie na sv\u00fdch webov\u00fdch str\u00e1nk\u00e1ch. Pou\u017e\u00edv\u00e1n\u00edm na\u0161ich webov\u00fdch str\u00e1nek souhlas\u00edte s jejich pou\u017eit\u00edm v souladu s t\u011bmito podm\u00ednkami. 2. Co jsou cookies?Cookies p\u0159edstavuj\u00ed mal\u00e9 textov\u00e9 [&hellip;]\" \/>\n<meta property=\"og:url\" content=\"https:\/\/strongboards.cz\/en\/privacy-policy\/\" \/>\n<meta property=\"og:site_name\" content=\"Stavebn\u00ed desky JSD a HSD pro ka\u017ed\u00fd projekt\" \/>\n<meta property=\"article:publisher\" content=\"https:\/\/www.facebook.com\/DDLukavec\" \/>\n<meta property=\"article:modified_time\" content=\"2025-04-08T06:17:32+00:00\" \/>\n<meta name=\"twitter:card\" content=\"summary_large_image\" \/>\n<meta name=\"twitter:label1\" content=\"Estimated reading time\" \/>\n\t<meta name=\"twitter:data1\" content=\"2 minutes\" \/>\n<script type=\"application\/ld+json\" class=\"yoast-schema-graph\">{\"@context\":\"https:\/\/schema.org\",\"@graph\":[{\"@type\":\"Article\",\"@id\":\"https:\/\/strongboards.cz\/privacy-policy\/#article\",\"isPartOf\":{\"@id\":\"https:\/\/strongboards.cz\/privacy-policy\/\"},\"author\":{\"name\":\"admin\",\"@id\":\"https:\/\/strongboards.cz\/#\/schema\/person\/9ef9080443bbea2eee061632daee700d\"},\"headline\":\"Podm\u00ednky pou\u017e\u00edv\u00e1n\u00ed cookies\",\"datePublished\":\"2025-03-11T09:57:43+00:00\",\"dateModified\":\"2025-04-08T06:17:32+00:00\",\"mainEntityOfPage\":{\"@id\":\"https:\/\/strongboards.cz\/privacy-policy\/\"},\"wordCount\":493,\"publisher\":{\"@id\":\"https:\/\/strongboards.cz\/#organization\"},\"inLanguage\":\"en-GB\"},{\"@type\":[\"WebPage\",\"QAPage\"],\"@id\":\"https:\/\/strongboards.cz\/privacy-policy\/\",\"url\":\"https:\/\/strongboards.cz\/privacy-policy\/\",\"name\":\"Podm\u00ednky pou\u017e\u00edv\u00e1n\u00ed cookies - Stavebn\u00ed desky JSD a HSD pro ka\u017ed\u00fd projekt\",\"isPartOf\":{\"@id\":\"https:\/\/strongboards.cz\/#website\"},\"datePublished\":\"2025-03-11T09:57:43+00:00\",\"dateModified\":\"2025-04-08T06:17:32+00:00\",\"breadcrumb\":{\"@id\":\"https:\/\/strongboards.cz\/privacy-policy\/#breadcrumb\"},\"inLanguage\":\"en-GB\",\"potentialAction\":[{\"@type\":\"ReadAction\",\"target\":[\"https:\/\/strongboards.cz\/privacy-policy\/\"]}]},{\"@type\":\"BreadcrumbList\",\"@id\":\"https:\/\/strongboards.cz\/privacy-policy\/#breadcrumb\",\"itemListElement\":[{\"@type\":\"ListItem\",\"position\":1,\"name\":\"Dom\u016f\",\"item\":\"https:\/\/strongboards.cz\/\"},{\"@type\":\"ListItem\",\"position\":2,\"name\":\"Podm\u00ednky pou\u017e\u00edv\u00e1n\u00ed cookies\"}]},{\"@type\":\"WebSite\",\"@id\":\"https:\/\/strongboards.cz\/#website\",\"url\":\"https:\/\/strongboards.cz\/\",\"name\":\"V\u00edce\u00fa\u010delov\u00e9 desky JSD a HSD| Lok\u00e1ln\u00ed v\u00fdrobce| StrongBoards\",\"description\":\"Siln\u00e9 desky z \u010desk\u00e9ho d\u0159eva, vhodn\u00e9 do stavebnictv\u00ed, n\u00e1bytk\u00e1\u0159stv\u00ed i obalov\u00e9ho pr\u016fmyslu.\",\"publisher\":{\"@id\":\"https:\/\/strongboards.cz\/#organization\"},\"alternateName\":\"Desky pro ka\u017ed\u00fd projekt\",\"potentialAction\":[{\"@type\":\"SearchAction\",\"target\":{\"@type\":\"EntryPoint\",\"urlTemplate\":\"https:\/\/strongboards.cz\/?s={search_term_string}\"},\"query-input\":{\"@type\":\"PropertyValueSpecification\",\"valueRequired\":true,\"valueName\":\"search_term_string\"}}],\"inLanguage\":\"en-GB\"},{\"@type\":\"Organization\",\"@id\":\"https:\/\/strongboards.cz\/#organization\",\"name\":\"D\u0159evozpracuj\u00edc\u00ed dru\u017estvo Lukavec\",\"url\":\"https:\/\/strongboards.cz\/\",\"logo\":{\"@type\":\"ImageObject\",\"inLanguage\":\"en-GB\",\"@id\":\"https:\/\/strongboards.cz\/#\/schema\/logo\/image\/\",\"url\":\"http:\/\/strongboards.cz\/wp-content\/uploads\/2025\/03\/Logo_final_nazev.png\",\"contentUrl\":\"http:\/\/strongboards.cz\/wp-content\/uploads\/2025\/03\/Logo_final_nazev.png\",\"width\":1036,\"height\":1088,\"caption\":\"D\u0159evozpracuj\u00edc\u00ed dru\u017estvo Lukavec\"},\"image\":{\"@id\":\"https:\/\/strongboards.cz\/#\/schema\/logo\/image\/\"},\"sameAs\":[\"https:\/\/www.facebook.com\/DDLukavec\"]},{\"@type\":\"Person\",\"@id\":\"https:\/\/strongboards.cz\/#\/schema\/person\/9ef9080443bbea2eee061632daee700d\",\"name\":\"admin\",\"image\":{\"@type\":\"ImageObject\",\"inLanguage\":\"en-GB\",\"@id\":\"https:\/\/strongboards.cz\/#\/schema\/person\/image\/\",\"url\":\"https:\/\/secure.gravatar.com\/avatar\/3906bb095159c212e64c15fac638b45b84995d0fae771563e0950784fcbe6a1f?s=96&d=mm&r=g\",\"contentUrl\":\"https:\/\/secure.gravatar.com\/avatar\/3906bb095159c212e64c15fac638b45b84995d0fae771563e0950784fcbe6a1f?s=96&d=mm&r=g\",\"caption\":\"admin\"},\"sameAs\":[\"http:\/\/strongboards.cz\"],\"url\":\"http:\/\/strongboards.cz\/en\/author\/admin\/\"}]}<\/script>\n<!-- \/ Yoast SEO plugin. -->","yoast_head_json":{"title":"Podm\u00ednky pou\u017e\u00edv\u00e1n\u00ed cookies - Stavebn\u00ed desky JSD a HSD pro ka\u017ed\u00fd projekt","robots":{"index":"index","follow":"follow","max-snippet":"max-snippet:-1","max-image-preview":"max-image-preview:large","max-video-preview":"max-video-preview:-1"},"canonical":"https:\/\/strongboards.cz\/en\/privacy-policy\/","og_locale":"en_GB","og_type":"article","og_title":"Podm\u00ednky pou\u017e\u00edv\u00e1n\u00ed cookies - Stavebn\u00ed desky JSD a HSD pro ka\u017ed\u00fd projekt","og_description":"Podm\u00ednky pou\u017e\u00edv\u00e1n\u00ed cookies 1. \u00davodTyto podm\u00ednky pou\u017e\u00edv\u00e1n\u00ed cookies upravuj\u00ed zp\u016fsob, jak\u00fdm spole\u010dnost D\u0159evozpracuj\u00edc\u00ed dru\u017estvo, s\u00eddlem Lukavec, \u010dp. 9, 394 26 Lukavec, \u010cesk\u00e1 republika (d\u00e1le jen \u201eprovozovatel\u201c), vyu\u017e\u00edv\u00e1 cookies a podobn\u00e9 technologie na sv\u00fdch webov\u00fdch str\u00e1nk\u00e1ch. Pou\u017e\u00edv\u00e1n\u00edm na\u0161ich webov\u00fdch str\u00e1nek souhlas\u00edte s jejich pou\u017eit\u00edm v souladu s t\u011bmito podm\u00ednkami. 2. Co jsou cookies?Cookies p\u0159edstavuj\u00ed mal\u00e9 textov\u00e9 [&hellip;]","og_url":"https:\/\/strongboards.cz\/en\/privacy-policy\/","og_site_name":"Stavebn\u00ed desky JSD a HSD pro ka\u017ed\u00fd projekt","article_publisher":"https:\/\/www.facebook.com\/DDLukavec","article_modified_time":"2025-04-08T06:17:32+00:00","twitter_card":"summary_large_image","twitter_misc":{"Estimated reading time":"2 minutes"},"schema":{"@context":"https:\/\/schema.org","@graph":[{"@type":"Article","@id":"https:\/\/strongboards.cz\/privacy-policy\/#article","isPartOf":{"@id":"https:\/\/strongboards.cz\/privacy-policy\/"},"author":{"name":"admin","@id":"https:\/\/strongboards.cz\/#\/schema\/person\/9ef9080443bbea2eee061632daee700d"},"headline":"Podm\u00ednky pou\u017e\u00edv\u00e1n\u00ed cookies","datePublished":"2025-03-11T09:57:43+00:00","dateModified":"2025-04-08T06:17:32+00:00","mainEntityOfPage":{"@id":"https:\/\/strongboards.cz\/privacy-policy\/"},"wordCount":493,"publisher":{"@id":"https:\/\/strongboards.cz\/#organization"},"inLanguage":"en-GB"},{"@type":["WebPage","QAPage"],"@id":"https:\/\/strongboards.cz\/privacy-policy\/","url":"https:\/\/strongboards.cz\/privacy-policy\/","name":"Podm\u00ednky pou\u017e\u00edv\u00e1n\u00ed cookies - Stavebn\u00ed desky JSD a HSD pro ka\u017ed\u00fd projekt","isPartOf":{"@id":"https:\/\/strongboards.cz\/#website"},"datePublished":"2025-03-11T09:57:43+00:00","dateModified":"2025-04-08T06:17:32+00:00","breadcrumb":{"@id":"https:\/\/strongboards.cz\/privacy-policy\/#breadcrumb"},"inLanguage":"en-GB","potentialAction":[{"@type":"ReadAction","target":["https:\/\/strongboards.cz\/privacy-policy\/"]}]},{"@type":"BreadcrumbList","@id":"https:\/\/strongboards.cz\/privacy-policy\/#breadcrumb","itemListElement":[{"@type":"ListItem","position":1,"name":"Dom\u016f","item":"https:\/\/strongboards.cz\/"},{"@type":"ListItem","position":2,"name":"Podm\u00ednky pou\u017e\u00edv\u00e1n\u00ed cookies"}]},{"@type":"WebSite","@id":"https:\/\/strongboards.cz\/#website","url":"https:\/\/strongboards.cz\/","name":"V\u00edce\u00fa\u010delov\u00e9 desky JSD a HSD| Lok\u00e1ln\u00ed v\u00fdrobce| StrongBoards","description":"Siln\u00e9 desky z \u010desk\u00e9ho d\u0159eva, vhodn\u00e9 do stavebnictv\u00ed, n\u00e1bytk\u00e1\u0159stv\u00ed i obalov\u00e9ho pr\u016fmyslu.","publisher":{"@id":"https:\/\/strongboards.cz\/#organization"},"alternateName":"Desky pro ka\u017ed\u00fd projekt","potentialAction":[{"@type":"SearchAction","target":{"@type":"EntryPoint","urlTemplate":"https:\/\/strongboards.cz\/?s={search_term_string}"},"query-input":{"@type":"PropertyValueSpecification","valueRequired":true,"valueName":"search_term_string"}}],"inLanguage":"en-GB"},{"@type":"Organization","@id":"https:\/\/strongboards.cz\/#organization","name":"D\u0159evozpracuj\u00edc\u00ed dru\u017estvo Lukavec","url":"https:\/\/strongboards.cz\/","logo":{"@type":"ImageObject","inLanguage":"en-GB","@id":"https:\/\/strongboards.cz\/#\/schema\/logo\/image\/","url":"http:\/\/strongboards.cz\/wp-content\/uploads\/2025\/03\/Logo_final_nazev.png","contentUrl":"http:\/\/strongboards.cz\/wp-content\/uploads\/2025\/03\/Logo_final_nazev.png","width":1036,"height":1088,"caption":"D\u0159evozpracuj\u00edc\u00ed dru\u017estvo Lukavec"},"image":{"@id":"https:\/\/strongboards.cz\/#\/schema\/logo\/image\/"},"sameAs":["https:\/\/www.facebook.com\/DDLukavec"]},{"@type":"Person","@id":"https:\/\/strongboards.cz\/#\/schema\/person\/9ef9080443bbea2eee061632daee700d","name":"admin","image":{"@type":"ImageObject","inLanguage":"en-GB","@id":"https:\/\/strongboards.cz\/#\/schema\/person\/image\/","url":"https:\/\/secure.gravatar.com\/avatar\/3906bb095159c212e64c15fac638b45b84995d0fae771563e0950784fcbe6a1f?s=96&d=mm&r=g","contentUrl":"https:\/\/secure.gravatar.com\/avatar\/3906bb095159c212e64c15fac638b45b84995d0fae771563e0950784fcbe6a1f?s=96&d=mm&r=g","caption":"admin"},"sameAs":["http:\/\/strongboards.cz"],"url":"http:\/\/strongboards.cz\/en\/author\/admin\/"}]}},"_links":{"self":[{"href":"http:\/\/strongboards.cz\/en\/wp-json\/wp\/v2\/pages\/3","targetHints":{"allow":["GET"]}}],"collection":[{"href":"http:\/\/strongboards.cz\/en\/wp-json\/wp\/v2\/pages"}],"about":[{"href":"http:\/\/strongboards.cz\/en\/wp-json\/wp\/v2\/types\/page"}],"author":[{"embeddable":true,"href":"http:\/\/strongboards.cz\/en\/wp-json\/wp\/v2\/users\/1"}],"replies":[{"embeddable":true,"href":"http:\/\/strongboards.cz\/en\/wp-json\/wp\/v2\/comments?post=3"}],"version-history":[{"count":1,"href":"http:\/\/strongboards.cz\/en\/wp-json\/wp\/v2\/pages\/3\/revisions"}],"predecessor-version":[{"id":256,"href":"http:\/\/strongboards.cz\/en\/wp-json\/wp\/v2\/pages\/3\/revisions\/256"}],"wp:attachment":[{"href":"http:\/\/strongboards.cz\/en\/wp-json\/wp\/v2\/media?parent=3"}],"curies":[{"name":"wp","href":"https:\/\/api.w.org\/{rel}","templated":true}]}}